{"id":102,"date":"2025-02-15T03:39:33","date_gmt":"2025-02-15T02:39:33","guid":{"rendered":"https:\/\/hr-batiment.com\/?page_id=102"},"modified":"2025-02-15T03:39:33","modified_gmt":"2025-02-15T02:39:33","slug":"projets","status":"publish","type":"page","link":"https:\/\/hr-batiment.com\/index.php\/projets\/","title":{"rendered":"Projets"},"content":{"rendered":"<p>[et_pb_section fb_built=&#8221;1&#8243; admin_label=&#8221;Hero&#8221; _builder_version=&#8221;4.17.6&#8243; _module_preset=&#8221;default&#8221; hover_enabled=&#8221;0&#8243; locked=&#8221;off&#8221; template_type=&#8221;section&#8221; collapsed=&#8221;on&#8221; global_colors_info=&#8221;{}&#8221;][et_pb_row column_structure=&#8221;1_2,1_2&#8243; _builder_version=&#8221;4.17.6&#8243; _module_preset=&#8221;5138c454-be54-4233-bd3b-f8e6a8747976&#8243; hover_enabled=&#8221;0&#8243; global_colors_info=&#8221;{}&#8221;][et_pb_column type=&#8221;1_2&#8243; _builder_version=&#8221;4.17.6&#8243; _module_preset=&#8221;73121f80-a3ef-4484-8763-c3f18e3c56d2&#8243; hover_enabled=&#8221;0&#8243; global_colors_info=&#8221;{}&#8221;][et_pb_heading title=&#8221;Transformez Votre Espace Avec HR BATIMENT&#8221; _builder_version=&#8221;4.24.2&#8243; _module_preset=&#8221;ddeb8c09-9078-4424-bc15-2efb6572e28e&#8221; hover_enabled=&#8221;0&#8243; locked=&#8221;off&#8221; global_colors_info=&#8221;{}&#8221;][\/et_pb_heading][et_pb_text _builder_version=&#8221;4.24.3&#8243; _module_preset=&#8221;2c55a9c4-feed-423b-9edb-ae0b5b365cac&#8221; hover_enabled=&#8221;0&#8243; locked=&#8221;off&#8221; global_colors_info=&#8221;{}&#8221;]<\/p>\n<p>D\u00e9couvrez comment nos projets de r\u00e9novation et d\u00e9coration transforment vos espaces en v\u00e9ritables \u0153uvres d&#8217;art, alliant fonctionnalit\u00e9 et esth\u00e9tique.<\/p>\n<p>[\/et_pb_text][et_pb_blurb title=&#8221;R\u00e9novation Compl\u00e8te&#8221; use_icon=&#8221;on&#8221; font_icon=&#8221;&#xf53f;||fa||900&#8243; icon_color=&#8221;gcid-secondary-color&#8221; _builder_version=&#8221;4.24.3&#8243; _module_preset=&#8221;1ea53d41-9439-472c-8d8b-7bddb3bf9444&#8243; hover_enabled=&#8221;0&#8243; global_colors_info=&#8221;{%22gcid-body-color%22:%91%22body_text_color%22%93,%22gcid-heading-color%22:%91%22header_text_color%22%93,%22gcid-secondary-color%22:%91%22icon_color%22%93}&#8221;][\/et_pb_blurb][et_pb_blurb title=&#8221;D\u00e9coration Int\u00e9rieure&#8221; use_icon=&#8221;on&#8221; font_icon=&#8221;&#xf5aa;||fa||900&#8243; icon_color=&#8221;gcid-secondary-color&#8221; _builder_version=&#8221;4.24.3&#8243; _module_preset=&#8221;1ea53d41-9439-472c-8d8b-7bddb3bf9444&#8243; hover_enabled=&#8221;0&#8243; global_colors_info=&#8221;{%22gcid-body-color%22:%91%22body_text_color%22%93,%22gcid-heading-color%22:%91%22header_text_color%22%93,%22gcid-secondary-color%22:%91%22icon_color%22%93}&#8221;][\/et_pb_blurb][et_pb_blurb title=&#8221;Am\u00e9nagement Ext\u00e9rieur&#8221; use_icon=&#8221;on&#8221; font_icon=&#8221;&#xf018;||fa||900&#8243; icon_color=&#8221;gcid-secondary-color&#8221; _builder_version=&#8221;4.24.2&#8243; _module_preset=&#8221;1ea53d41-9439-472c-8d8b-7bddb3bf9444&#8243; hover_enabled=&#8221;0&#8243; global_colors_info=&#8221;{%22gcid-body-color%22:%91%22body_text_color%22%93,%22gcid-heading-color%22:%91%22header_text_color%22%93,%22gcid-secondary-color%22:%91%22icon_color%22%93}&#8221;][\/et_pb_blurb][et_pb_button button_text=&#8221;Voir Nos Projets&#8221; _builder_version=&#8221;4.23.1&#8243; _module_preset=&#8221;1bffc0fc-42a0-49d1-bd9a-ae3ade2d7206&#8243; hover_enabled=&#8221;0&#8243; locked=&#8221;off&#8221; global_colors_info=&#8221;{}&#8221;][\/et_pb_button][\/et_pb_column][et_pb_column type=&#8221;1_2&#8243; _builder_version=&#8221;4.17.6&#8243; _module_preset=&#8221;73121f80-a3ef-4484-8763-c3f18e3c56d2&#8243; hover_enabled=&#8221;0&#8243; global_colors_info=&#8221;{}&#8221;][et_pb_image src=&#8221;http:\/\/hr-batiment.com\/wp-content\/uploads\/2025\/02\/0-b7935b78-b089-4bd4-9d61-11841e502adf-800&#215;1080.jpg&#8221; title_text=&#8221;800&#215;1080&#8243; _builder_version=&#8221;4.24.3&#8243; _module_preset=&#8221;6ed8fd5c-62c5-4100-98c3-7b8b6d2c2ee6&#8243; hover_enabled=&#8221;0&#8243; box_shadow_style=&#8221;preset4&#8243; box_shadow_horizontal=&#8221;0px&#8221; box_shadow_vertical=&#8221;24px&#8221; box_shadow_blur=&#8221;72px&#8221; box_shadow_spread=&#8221;-12px&#8221; global_colors_info=&#8221;{}&#8221;][\/et_pb_image][\/et_pb_column][\/et_pb_row][\/et_pb_section][et_pb_section fb_built=&#8221;1&#8243; fullwidth=&#8221;on&#8221; admin_label=&#8221;Portfolio&#8221; _builder_version=&#8221;4.25.1&#8243; _module_preset=&#8221;default&#8221; hover_enabled=&#8221;0&#8243; template_type=&#8221;section&#8221; collapsed=&#8221;on&#8221; global_colors_info=&#8221;{}&#8221;][et_pb_fullwidth_portfolio title=&#8221;Nos R\u00e9alisations en R\u00e9novation et D\u00e9coration&#8221; _builder_version=&#8221;4.25.2&#8243; _module_preset=&#8221;8832e0a4-922b-4cc7-9a82-75a0185e32fb&#8221; hover_enabled=&#8221;0&#8243; global_colors_info=&#8221;{}&#8221;][\/et_pb_fullwidth_portfolio][\/et_pb_section][et_pb_section fb_built=&#8221;1&#8243; admin_label=&#8221;Services&#8221; _builder_version=&#8221;4.18.0&#8243; _module_preset=&#8221;default&#8221; hover_enabled=&#8221;0&#8243; locked=&#8221;off&#8221; template_type=&#8221;section&#8221; collapsed=&#8221;on&#8221; global_colors_info=&#8221;{}&#8221;][et_pb_row _builder_version=&#8221;4.18.0&#8243; _module_preset=&#8221;5138c454-be54-4233-bd3b-f8e6a8747976&#8243; custom_margin=&#8221;|auto|-10px|auto|false|false&#8221; hover_enabled=&#8221;0&#8243; global_colors_info=&#8221;{}&#8221;][et_pb_column type=&#8221;4_4&#8243; _builder_version=&#8221;4.18.0&#8243; _module_preset=&#8221;73121f80-a3ef-4484-8763-c3f18e3c56d2&#8243; hover_enabled=&#8221;0&#8243; global_colors_info=&#8221;{}&#8221;][et_pb_heading title=&#8221;Nos Services Sur Mesure&#8221; _builder_version=&#8221;4.24.3&#8243; _module_preset=&#8221;f0c675ea-2574-4d0e-b725-30f8550a8550&#8243; title_text_align=&#8221;center&#8221; title_text_color=&#8221;gcid-primary-color&#8221; hover_enabled=&#8221;0&#8243; global_colors_info=&#8221;{%22gcid-primary-color%22:%91%22title_text_color%22%93}&#8221;][\/et_pb_heading][et_pb_heading title=&#8221;D\u00e9couvrez Nos Comp\u00e9tences&#8221; _builder_version=&#8221;4.24.2&#8243; _module_preset=&#8221;c33f07d9-41e0-421a-8799-5799df695cce&#8221; title_text_align=&#8221;center&#8221; hover_enabled=&#8221;0&#8243; global_colors_info=&#8221;{}&#8221;][\/et_pb_heading][\/et_pb_column][\/et_pb_row][et_pb_row column_structure=&#8221;1_3,1_3,1_3&#8243; custom_padding_last_edited=&#8221;on|tablet&#8221; _builder_version=&#8221;4.18.0&#8243; _module_preset=&#8221;5138c454-be54-4233-bd3b-f8e6a8747976&#8243; custom_padding_tablet=&#8221;||0px||false|false&#8221; custom_padding_phone=&#8221;||0px||false|false&#8221; hover_enabled=&#8221;0&#8243; global_colors_info=&#8221;{}&#8221;][et_pb_column type=&#8221;1_3&#8243; _builder_version=&#8221;4.18.0&#8243; _module_preset=&#8221;73121f80-a3ef-4484-8763-c3f18e3c56d2&#8243; hover_enabled=&#8221;0&#8243; global_colors_info=&#8221;{}&#8221;][et_pb_blurb title=&#8221;Rev\u00eatements de Sols et Murs&#8221; use_icon=&#8221;on&#8221; font_icon=&#8221;&#xf7d9;||fa||900&#8243; icon_color=&#8221;gcid-secondary-color&#8221; _builder_version=&#8221;4.25.1&#8243; _module_preset=&#8221;65059203-12d3-44f6-8371-3f5cf61a0475&#8243; hover_enabled=&#8221;0&#8243; global_colors_info=&#8221;{%22gcid-36fd78a7-34bc-404d-873c-dafa34efaae5%22:%91%22image_icon_background_color%22,%22image_icon_background_color%22%93,%22gcid-heading-color%22:%91%22header_text_color%22,%22header_text_color%22%93,%22gcid-body-color%22:%91%22body_text_color%22,%22body_text_color%22%93,%22gcid-primary-color%22:%91%22body_link_text_color%22%93,%22gcid-secondary-color%22:%91%22icon_color%22%93}&#8221;]<\/p>\n<p>Pose de carrelage, fa\u00efence, parquet, et sol PVC pour un rendu impeccable et durable.<\/p>\n<p>[\/et_pb_blurb][\/et_pb_column][et_pb_column type=&#8221;1_3&#8243; _builder_version=&#8221;4.18.0&#8243; _module_preset=&#8221;73121f80-a3ef-4484-8763-c3f18e3c56d2&#8243; hover_enabled=&#8221;0&#8243; global_colors_info=&#8221;{}&#8221;][et_pb_blurb title=&#8221;Travaux de Pl\u00e2trerie et Finitions&#8221; use_icon=&#8221;on&#8221; font_icon=&#8221;&#xf6e3;||fa||900&#8243; icon_color=&#8221;gcid-secondary-color&#8221; _builder_version=&#8221;4.25.1&#8243; _module_preset=&#8221;65059203-12d3-44f6-8371-3f5cf61a0475&#8243; hover_enabled=&#8221;0&#8243; global_colors_info=&#8221;{%22gcid-36fd78a7-34bc-404d-873c-dafa34efaae5%22:%91%22image_icon_background_color%22%93,%22gcid-heading-color%22:%91%22header_text_color%22%93,%22gcid-body-color%22:%91%22body_text_color%22%93,%22gcid-primary-color%22:%91%22body_link_text_color%22%93,%22gcid-secondary-color%22:%91%22icon_color%22%93}&#8221;]<\/p>\n<p>Enduisage, ratissage, et finition de bandes de placo pour des murs pr\u00eats \u00e0 peindre.<\/p>\n<p>[\/et_pb_blurb][\/et_pb_column][et_pb_column type=&#8221;1_3&#8243; _builder_version=&#8221;4.18.0&#8243; _module_preset=&#8221;73121f80-a3ef-4484-8763-c3f18e3c56d2&#8243; hover_enabled=&#8221;0&#8243; global_colors_info=&#8221;{}&#8221;][et_pb_blurb title=&#8221;Peinture &#038; D\u00e9coration&#8221; use_icon=&#8221;on&#8221; font_icon=&#8221;&#xf5aa;||fa||900&#8243; icon_color=&#8221;gcid-secondary-color&#8221; _builder_version=&#8221;4.25.1&#8243; _module_preset=&#8221;65059203-12d3-44f6-8371-3f5cf61a0475&#8243; hover_enabled=&#8221;0&#8243; global_colors_info=&#8221;{%22gcid-36fd78a7-34bc-404d-873c-dafa34efaae5%22:%91%22image_icon_background_color%22%93,%22gcid-heading-color%22:%91%22header_text_color%22%93,%22gcid-body-color%22:%91%22body_text_color%22%93,%22gcid-primary-color%22:%91%22body_link_text_color%22%93,%22gcid-secondary-color%22:%91%22icon_color%22%93}&#8221;]<\/p>\n<p>Peinture int\u00e9rieure et ext\u00e9rieure avec application au pistolet airless pour une finition parfaite.<\/p>\n<p>[\/et_pb_blurb][\/et_pb_column][\/et_pb_row][et_pb_row column_structure=&#8221;1_3,1_3,1_3&#8243; _builder_version=&#8221;4.18.0&#8243; _module_preset=&#8221;5138c454-be54-4233-bd3b-f8e6a8747976&#8243; hover_enabled=&#8221;0&#8243; global_colors_info=&#8221;{}&#8221;][et_pb_column type=&#8221;1_3&#8243; _builder_version=&#8221;4.18.0&#8243; _module_preset=&#8221;73121f80-a3ef-4484-8763-c3f18e3c56d2&#8243; hover_enabled=&#8221;0&#8243; global_colors_info=&#8221;{}&#8221;][et_pb_blurb title=&#8221;R\u00e9novation de Parquet&#8221; use_icon=&#8221;on&#8221; font_icon=&#8221;&#xf46d;||fa||900&#8243; icon_color=&#8221;gcid-secondary-color&#8221; _builder_version=&#8221;4.25.1&#8243; _module_preset=&#8221;65059203-12d3-44f6-8371-3f5cf61a0475&#8243; hover_enabled=&#8221;0&#8243; global_colors_info=&#8221;{%22gcid-36fd78a7-34bc-404d-873c-dafa34efaae5%22:%91%22image_icon_background_color%22%93,%22gcid-heading-color%22:%91%22header_text_color%22%93,%22gcid-body-color%22:%91%22body_text_color%22%93,%22gcid-primary-color%22:%91%22body_link_text_color%22%93,%22gcid-secondary-color%22:%91%22icon_color%22%93}&#8221;]<\/p>\n<p>Pon\u00e7age et r\u00e9novation pour redonner vie \u00e0 vos parquets anciens.<\/p>\n<p>[\/et_pb_blurb][\/et_pb_column][et_pb_column type=&#8221;1_3&#8243; _builder_version=&#8221;4.18.0&#8243; _module_preset=&#8221;73121f80-a3ef-4484-8763-c3f18e3c56d2&#8243; hover_enabled=&#8221;0&#8243; global_colors_info=&#8221;{}&#8221;][et_pb_blurb title=&#8221;\u00c9lectricit\u00e9&#8221; use_icon=&#8221;on&#8221; font_icon=&#8221;&#xe012;||divi||400&#8243; icon_color=&#8221;gcid-secondary-color&#8221; _builder_version=&#8221;4.25.1&#8243; _module_preset=&#8221;65059203-12d3-44f6-8371-3f5cf61a0475&#8243; hover_enabled=&#8221;0&#8243; global_colors_info=&#8221;{%22gcid-36fd78a7-34bc-404d-873c-dafa34efaae5%22:%91%22image_icon_background_color%22%93,%22gcid-heading-color%22:%91%22header_text_color%22%93,%22gcid-body-color%22:%91%22body_text_color%22%93,%22gcid-primary-color%22:%91%22body_link_text_color%22%93,%22gcid-secondary-color%22:%91%22icon_color%22%93}&#8221;]<\/p>\n<p>Installation et mise en conformit\u00e9 de vos syst\u00e8mes \u00e9lectriques pour votre s\u00e9curit\u00e9.<\/p>\n<p>[\/et_pb_blurb][\/et_pb_column][et_pb_column type=&#8221;1_3&#8243; _builder_version=&#8221;4.18.0&#8243; _module_preset=&#8221;73121f80-a3ef-4484-8763-c3f18e3c56d2&#8243; hover_enabled=&#8221;0&#8243; global_colors_info=&#8221;{}&#8221;][et_pb_blurb title=&#8221;Conseil Personnalis\u00e9&#8221; use_icon=&#8221;on&#8221; font_icon=&#8221;&#xf235;||fa||900&#8243; icon_color=&#8221;gcid-secondary-color&#8221; _builder_version=&#8221;4.25.1&#8243; _module_preset=&#8221;65059203-12d3-44f6-8371-3f5cf61a0475&#8243; hover_enabled=&#8221;0&#8243; global_colors_info=&#8221;{%22gcid-36fd78a7-34bc-404d-873c-dafa34efaae5%22:%91%22image_icon_background_color%22%93,%22gcid-heading-color%22:%91%22header_text_color%22%93,%22gcid-body-color%22:%91%22body_text_color%22%93,%22gcid-primary-color%22:%91%22body_link_text_color%22%93,%22gcid-secondary-color%22:%91%22icon_color%22%93}&#8221;]<\/p>\n<p>Accompagnement sur mesure pour chaque \u00e9tape de votre projet de r\u00e9novation.<\/p>\n<p>[\/et_pb_blurb][\/et_pb_column][\/et_pb_row][et_pb_row _builder_version=&#8221;4.23.1&#8243; _module_preset=&#8221;default&#8221; hover_enabled=&#8221;0&#8243; global_colors_info=&#8221;{}&#8221;][et_pb_column type=&#8221;4_4&#8243; _builder_version=&#8221;4.23.1&#8243; _module_preset=&#8221;default&#8221; hover_enabled=&#8221;0&#8243; global_colors_info=&#8221;{}&#8221;][et_pb_button button_text=&#8221;Demander un Devis&#8221; button_alignment=&#8221;center&#8221; _builder_version=&#8221;4.23.1&#8243; _module_preset=&#8221;1bffc0fc-42a0-49d1-bd9a-ae3ade2d7206&#8243; hover_enabled=&#8221;0&#8243; global_colors_info=&#8221;{}&#8221;][\/et_pb_button][\/et_pb_column][\/et_pb_row][\/et_pb_section][et_pb_section fb_built=&#8221;1&#8243; admin_label=&#8221;Testimonials&#8221; _builder_version=&#8221;4.16&#8243; _module_preset=&#8221;default&#8221; hover_enabled=&#8221;0&#8243; locked=&#8221;off&#8221; template_type=&#8221;section&#8221; collapsed=&#8221;on&#8221; global_colors_info=&#8221;{}&#8221;][et_pb_row _builder_version=&#8221;4.17.6&#8243; _module_preset=&#8221;5138c454-be54-4233-bd3b-f8e6a8747976&#8243; hover_enabled=&#8221;0&#8243; global_colors_info=&#8221;{}&#8221;][et_pb_column type=&#8221;4_4&#8243; _builder_version=&#8221;4.16&#8243; _module_preset=&#8221;73121f80-a3ef-4484-8763-c3f18e3c56d2&#8243; hover_enabled=&#8221;0&#8243; global_colors_info=&#8221;{}&#8221;][et_pb_slider _builder_version=&#8221;4.24.3&#8243; _module_preset=&#8221;a0d0e114-2915-4078-81e1-4574521ea79b&#8221; hover_enabled=&#8221;0&#8243; locked=&#8221;off&#8221; global_colors_info=&#8221;{%22gcid-828accbb-1ed2-407d-95be-20ab4e191566%22:%91%22arrows_custom_color%22%93,%22gcid-primary-color%22:%91%22background_color%22%93}&#8221;][et_pb_slide heading=&#8221;\u00ab Un service impeccable ! \u00bb&#8221; _builder_version=&#8221;4.24.2&#8243; _module_preset=&#8221;default&#8221; hover_enabled=&#8221;0&#8243; locked=&#8221;off&#8221; global_colors_info=&#8221;{}&#8221; sticky_transition=&#8221;on&#8221;]<\/p>\n<p>\u00ab Gr\u00e2ce \u00e0 HR BATIMENT, notre maison a retrouv\u00e9 une nouvelle jeunesse. Leur \u00e9quipe a su transformer notre espace avec une attention particuli\u00e8re aux d\u00e9tails. Je recommande vivement ! \u00bb &#8211; Marie D.<\/p>\n<p>[\/et_pb_slide][et_pb_slide heading=&#8221;\u00ab Transformation incroyable ! \u00bb&#8221; _builder_version=&#8221;4.17.6&#8243; _module_preset=&#8221;default&#8221; hover_enabled=&#8221;0&#8243; locked=&#8221;off&#8221; global_colors_info=&#8221;{}&#8221; sticky_transition=&#8221;on&#8221;]<\/p>\n<p>\u00ab Nous avons fait appel \u00e0 HR BATIMENT pour r\u00e9nover notre bureau. Le r\u00e9sultat est au-del\u00e0 de nos attentes. Professionnalisme et cr\u00e9ativit\u00e9 au rendez-vous. Merci ! \u00bb &#8211; Paul T.<\/p>\n<p>[\/et_pb_slide][et_pb_slide heading=&#8221;\u00ab Des experts \u00e0 l&#8217;\u00e9coute \u00bb&#8221; _builder_version=&#8221;4.17.6&#8243; _module_preset=&#8221;default&#8221; hover_enabled=&#8221;0&#8243; locked=&#8221;off&#8221; global_colors_info=&#8221;{}&#8221; sticky_transition=&#8221;on&#8221;]<\/p>\n<p>\u00ab HR BATIMENT a su comprendre nos besoins et nous proposer des solutions adapt\u00e9es. Leur savoir-faire est ind\u00e9niable. Nous sommes ravis du r\u00e9sultat ! \u00bb &#8211; Sophie L.<\/p>\n<p>[\/et_pb_slide][et_pb_slide heading=&#8221;\u00ab Qualit\u00e9 et efficacit\u00e9 \u00bb&#8221; _builder_version=&#8221;4.17.6&#8243; _module_preset=&#8221;default&#8221; hover_enabled=&#8221;0&#8243; locked=&#8221;off&#8221; global_colors_info=&#8221;{}&#8221; sticky_transition=&#8221;on&#8221;]<\/p>\n<p>\u00ab La r\u00e9novation de notre appartement a \u00e9t\u00e9 une r\u00e9ussite totale gr\u00e2ce \u00e0 HR BATIMENT. Un travail soign\u00e9 et un respect des d\u00e9lais exemplaire. \u00bb &#8211; Julien R.<\/p>\n<p>[\/et_pb_slide][\/et_pb_slider][\/et_pb_column][\/et_pb_row][\/et_pb_section][et_pb_section fb_built=&#8221;1&#8243; admin_label=&#8221;About&#8221; _builder_version=&#8221;4.25.1&#8243; _module_preset=&#8221;default&#8221; hover_enabled=&#8221;0&#8243; template_type=&#8221;section&#8221; collapsed=&#8221;on&#8221; global_colors_info=&#8221;{}&#8221;][et_pb_row column_structure=&#8221;1_2,1_2&#8243; _builder_version=&#8221;4.25.1&#8243; _module_preset=&#8221;default&#8221; hover_enabled=&#8221;0&#8243; global_colors_info=&#8221;{}&#8221;][et_pb_column type=&#8221;1_2&#8243; _builder_version=&#8221;4.25.1&#8243; _module_preset=&#8221;default&#8221; hover_enabled=&#8221;0&#8243; global_colors_info=&#8221;{}&#8221;][et_pb_heading title=&#8221;\u00c0 propos de nous&#8221; _builder_version=&#8221;4.25.1&#8243; _module_preset=&#8221;c33f07d9-41e0-421a-8799-5799df695cce&#8221; hover_enabled=&#8221;0&#8243; global_colors_info=&#8221;{}&#8221;][\/et_pb_heading][et_pb_text _builder_version=&#8221;4.25.1&#8243; _module_preset=&#8221;2c55a9c4-feed-423b-9edb-ae0b5b365cac&#8221; hover_enabled=&#8221;0&#8243; global_colors_info=&#8221;{}&#8221;]HR BATIMENT, votre partenaire de confiance pour tous vos projets de r\u00e9novation et d\u00e9coration, se distingue par son engagement envers la qualit\u00e9 et la satisfaction client. Forts d&#8217;une exp\u00e9rience solide, nous mettons notre savoir-faire au service de vos espaces, qu&#8217;il s&#8217;agisse de r\u00e9sidences priv\u00e9es ou de locaux professionnels. Notre mission est de transformer vos id\u00e9es en r\u00e9alit\u00e9, en respectant vos d\u00e9lais et budgets. Avec une \u00e9quipe d\u00e9di\u00e9e et passionn\u00e9e, nous assurons des prestations de haute qualit\u00e9, du sol au plafond.[\/et_pb_text][et_pb_button button_text=&#8221;En savoir plus&#8221; _builder_version=&#8221;4.25.1&#8243; _module_preset=&#8221;1bffc0fc-42a0-49d1-bd9a-ae3ade2d7206&#8243; hover_enabled=&#8221;0&#8243; global_colors_info=&#8221;{}&#8221;][\/et_pb_button][\/et_pb_column][et_pb_column type=&#8221;1_2&#8243; _builder_version=&#8221;4.25.1&#8243; _module_preset=&#8221;default&#8221; hover_enabled=&#8221;0&#8243; global_colors_info=&#8221;{}&#8221;][et_pb_image src=&#8221;http:\/\/hr-batiment.com\/wp-content\/uploads\/2025\/02\/0-c2a15f92-3f2e-41cf-9e53-979dc5762a42-800&#215;800.jpg&#8221; title_text=&#8221;800&#215;800&#8243; _builder_version=&#8221;4.25.1&#8243; _module_preset=&#8221;default&#8221; hover_enabled=&#8221;0&#8243; global_colors_info=&#8221;{}&#8221;][\/et_pb_image][\/et_pb_column][\/et_pb_row][\/et_pb_section][et_pb_section fb_built=&#8221;1&#8243; admin_label=&#8221;Call to Action&#8221; _builder_version=&#8221;4.24.2&#8243; _module_preset=&#8221;default&#8221; background_color=&#8221;gcid-primary-color&#8221; hover_enabled=&#8221;0&#8243; locked=&#8221;off&#8221; template_type=&#8221;section&#8221; collapsed=&#8221;on&#8221; global_colors_info=&#8221;{%22gcid-primary-color%22:%91%22background_color%22%93}&#8221;][et_pb_row column_structure=&#8221;1_2,1_4,1_4&#8243; _builder_version=&#8221;4.18.0&#8243; _module_preset=&#8221;5138c454-be54-4233-bd3b-f8e6a8747976&#8243; hover_enabled=&#8221;0&#8243; global_colors_info=&#8221;{}&#8221;][et_pb_column type=&#8221;1_2&#8243; _builder_version=&#8221;4.16.0&#8243; _module_preset=&#8221;73121f80-a3ef-4484-8763-c3f18e3c56d2&#8243; hover_enabled=&#8221;0&#8243; global_colors_info=&#8221;{}&#8221;][et_pb_heading title=&#8221;Contactez-nous pour vos projets&#8221; _builder_version=&#8221;4.24.3&#8243; _module_preset=&#8221;ba4a6336-701f-47b8-bf5c-09da0ce28016&#8243; title_text_color=&#8221;#FFFFFF&#8221; hover_enabled=&#8221;0&#8243; locked=&#8221;off&#8221; global_colors_info=&#8221;{}&#8221;][\/et_pb_heading][\/et_pb_column][et_pb_column type=&#8221;1_4&#8243; _builder_version=&#8221;4.16.0&#8243; _module_preset=&#8221;73121f80-a3ef-4484-8763-c3f18e3c56d2&#8243; hover_enabled=&#8221;0&#8243; global_colors_info=&#8221;{}&#8221;][et_pb_text _builder_version=&#8221;4.24.3&#8243; _module_preset=&#8221;0504de1e-f5ff-4281-ba60-cbbe4edf98bc&#8221; background_layout=&#8221;dark&#8221; hover_enabled=&#8221;0&#8243; locked=&#8221;off&#8221; global_colors_info=&#8221;{%22gcid-36fd78a7-34bc-404d-873c-dafa34efaae5%22:%91%22icon_color%22,%22icon_color%22,%22icon_color%22,%22icon_color%22,%22link_text_color%22%93}&#8221;]<\/p>\n<p>Pr\u00eat \u00e0 transformer votre espace ? Chez HR BATIMENT, nous sommes \u00e0 votre \u00e9coute pour discuter de vos besoins en r\u00e9novation et d\u00e9coration. Que ce soit pour une consultation ou un devis personnalis\u00e9, notre \u00e9quipe est l\u00e0 pour vous accompagner \u00e0 chaque \u00e9tape de votre projet. N&#8217;attendez plus, contactez-nous d\u00e8s aujourd&#8217;hui pour donner vie \u00e0 vos id\u00e9es !<\/p>\n<p>[\/et_pb_text][\/et_pb_column][et_pb_column type=&#8221;1_4&#8243; _builder_version=&#8221;4.16.0&#8243; _module_preset=&#8221;73121f80-a3ef-4484-8763-c3f18e3c56d2&#8243; hover_enabled=&#8221;0&#8243; global_colors_info=&#8221;{}&#8221;][et_pb_button button_text=&#8221;Contactez-nous&#8221; button_alignment=&#8221;right&#8221; button_alignment_tablet=&#8221;right&#8221; button_alignment_phone=&#8221;left&#8221; button_alignment_last_edited=&#8221;on|desktop&#8221; _builder_version=&#8221;4.23&#8243; _module_preset=&#8221;ab15fb74-61a3-43aa-96b3-41e09aeef654&#8243; hover_enabled=&#8221;0&#8243; global_colors_info=&#8221;{}&#8221;][\/et_pb_button][\/et_pb_column][\/et_pb_row][\/et_pb_section]<\/p>\n","protected":false},"excerpt":{"rendered":"<p>D\u00e9couvrez comment nos projets de r\u00e9novation et d\u00e9coration transforment vos espaces en v\u00e9ritables \u0153uvres d&#8217;art, alliant fonctionnalit\u00e9 et esth\u00e9tique.Pose de carrelage, fa\u00efence, parquet, et sol PVC pour un rendu impeccable et durable.Enduisage, ratissage, et finition de bandes de placo pour des murs pr\u00eats \u00e0 peindre.Peinture int\u00e9rieure et ext\u00e9rieure avec application au pistolet airless pour une [&hellip;]<\/p>\n","protected":false},"author":1,"featured_media":0,"parent":0,"menu_order":0,"comment_status":"closed","ping_status":"closed","template":"","meta":{"_et_pb_use_builder":"on","_et_pb_old_content":"","_et_gb_content_width":"","footnotes":""},"class_list":["post-102","page","type-page","status-publish","hentry"],"_links":{"self":[{"href":"https:\/\/hr-batiment.com\/index.php\/wp-json\/wp\/v2\/pages\/102","targetHints":{"allow":["GET"]}}],"collection":[{"href":"https:\/\/hr-batiment.com\/index.php\/wp-json\/wp\/v2\/pages"}],"about":[{"href":"https:\/\/hr-batiment.com\/index.php\/wp-json\/wp\/v2\/types\/page"}],"author":[{"embeddable":true,"href":"https:\/\/hr-batiment.com\/index.php\/wp-json\/wp\/v2\/users\/1"}],"replies":[{"embeddable":true,"href":"https:\/\/hr-batiment.com\/index.php\/wp-json\/wp\/v2\/comments?post=102"}],"version-history":[{"count":1,"href":"https:\/\/hr-batiment.com\/index.php\/wp-json\/wp\/v2\/pages\/102\/revisions"}],"predecessor-version":[{"id":155,"href":"https:\/\/hr-batiment.com\/index.php\/wp-json\/wp\/v2\/pages\/102\/revisions\/155"}],"wp:attachment":[{"href":"https:\/\/hr-batiment.com\/index.php\/wp-json\/wp\/v2\/media?parent=102"}],"curies":[{"name":"wp","href":"https:\/\/api.w.org\/{rel}","templated":true}]}}